{"id":22030,"date":"2021-05-19T17:44:04","date_gmt":"2021-05-19T14:44:04","guid":{"rendered":"https:\/\/smakdelikatesser.se\/product\/nyhet-majskij-te-med-mjolke-och-timjan\/"},"modified":"2026-05-05T23:55:41","modified_gmt":"2026-05-05T20:55:41","slug":"nyhet-majskij-te-med-mjolke-och-timjan","status":"publish","type":"product","link":"https:\/\/smakdelikatesser.se\/sv\/product\/nyhet-majskij-te-med-mjolke-och-timjan\/","title":{"rendered":"Nyhet! Svart te Majskij med mj\u00f6lk\u00f6rt och timjan"},"content":{"rendered":"<p>Nyhet! Svart te Majskij med mj\u00f6lk\u00f6rt och timjan, i p\u00e5sar<\/p>\n","protected":false},"excerpt":{"rendered":"<p>Nyhet! Svart te Majskij med mj\u00f6lk\u00f6rt och timjan, i p\u00e5sar<\/p>\n","protected":false},"featured_media":19151,"comment_status":"open","ping_status":"closed","template":"","meta":[],"product_brand":[],"product_cat":[226],"product_tag":[],"class_list":{"0":"post-22030","1":"product","2":"type-product","3":"status-publish","4":"has-post-thumbnail","6":"product_cat-te","9":"first","10":"outofstock","11":"shipping-taxable","12":"purchasable","13":"product-type-simple"},"yoast_head":"<!-- This site is optimized with the Yoast SEO plugin v27.3 - https:\/\/yoast.com\/product\/yoast-seo-wordpress\/ -->\n<title>Nyhet! Svart te Majskij med mj\u00f6lk\u00f6rt och timjan - Smak Delikatesser - \u0417\u0430\u043a\u0430\u0437\u0430\u0442\u044c \u0440\u0443\u0441\u0441\u043a\u0438\u0435 \u043f\u0440\u043e\u0434\u0443\u043a\u0442\u044b \u0432 \u0421\u0442\u043e\u043a\u0433\u043e\u043b\u044c\u043c\u0435 | \u0420\u0443\u0441\u0441\u043a\u0438\u0435 \u043c\u0430\u0433\u0430\u0437\u0438\u043d\u044b<\/title>\n<meta name=\"robots\" content=\"index, follow, max-snippet:-1, max-image-preview:large, max-video-preview:-1\" \/>\n<link rel=\"canonical\" href=\"https:\/\/smakdelikatesser.se\/sv\/product\/nyhet-majskij-te-med-mjolke-och-timjan\/\" \/>\n<meta property=\"og:locale\" content=\"sv_SE\" \/>\n<meta property=\"og:type\" content=\"article\" \/>\n<meta property=\"og:title\" content=\"Nyhet! Svart te Majskij med mj\u00f6lk\u00f6rt och timjan - Smak Delikatesser - \u0417\u0430\u043a\u0430\u0437\u0430\u0442\u044c \u0440\u0443\u0441\u0441\u043a\u0438\u0435 \u043f\u0440\u043e\u0434\u0443\u043a\u0442\u044b \u0432 \u0421\u0442\u043e\u043a\u0433\u043e\u043b\u044c\u043c\u0435 | \u0420\u0443\u0441\u0441\u043a\u0438\u0435 \u043c\u0430\u0433\u0430\u0437\u0438\u043d\u044b\" \/>\n<meta property=\"og:description\" content=\"Nyhet! Svart te Majskij med mj\u00f6lk\u00f6rt och timjan, i p\u00e5sar\" \/>\n<meta property=\"og:url\" content=\"https:\/\/smakdelikatesser.se\/sv\/product\/nyhet-majskij-te-med-mjolke-och-timjan\/\" \/>\n<meta property=\"og:site_name\" content=\"Smak Delikatesser - \u0417\u0430\u043a\u0430\u0437\u0430\u0442\u044c \u0440\u0443\u0441\u0441\u043a\u0438\u0435 \u043f\u0440\u043e\u0434\u0443\u043a\u0442\u044b \u0432 \u0421\u0442\u043e\u043a\u0433\u043e\u043b\u044c\u043c\u0435 | \u0420\u0443\u0441\u0441\u043a\u0438\u0435 \u043c\u0430\u0433\u0430\u0437\u0438\u043d\u044b\" \/>\n<meta property=\"article:modified_time\" content=\"2026-05-05T20:55:41+00:00\" \/>\n<meta property=\"og:image\" content=\"https:\/\/smakdelikatesser.se\/wp-content\/uploads\/2021\/05\/8A5804E6-6A3E-4194-860C-EB31A8E534AB.jpeg\" \/>\n\t<meta property=\"og:image:width\" content=\"1024\" \/>\n\t<meta property=\"og:image:height\" content=\"1024\" \/>\n\t<meta property=\"og:image:type\" content=\"image\/jpeg\" \/>\n<meta name=\"twitter:card\" content=\"summary_large_image\" \/>\n<script type=\"application\/ld+json\" class=\"yoast-schema-graph\">{\"@context\":\"https:\\\/\\\/schema.org\",\"@graph\":[{\"@type\":\"WebPage\",\"@id\":\"https:\\\/\\\/smakdelikatesser.se\\\/sv\\\/product\\\/nyhet-majskij-te-med-mjolke-och-timjan\\\/\",\"url\":\"https:\\\/\\\/smakdelikatesser.se\\\/sv\\\/product\\\/nyhet-majskij-te-med-mjolke-och-timjan\\\/\",\"name\":\"Nyhet! Svart te Majskij med mj\u00f6lk\u00f6rt och timjan - Smak Delikatesser - \u0417\u0430\u043a\u0430\u0437\u0430\u0442\u044c \u0440\u0443\u0441\u0441\u043a\u0438\u0435 \u043f\u0440\u043e\u0434\u0443\u043a\u0442\u044b \u0432 \u0421\u0442\u043e\u043a\u0433\u043e\u043b\u044c\u043c\u0435 | \u0420\u0443\u0441\u0441\u043a\u0438\u0435 \u043c\u0430\u0433\u0430\u0437\u0438\u043d\u044b\",\"isPartOf\":{\"@id\":\"https:\\\/\\\/smakdelikatesser.se\\\/ru\\\/#website\"},\"primaryImageOfPage\":{\"@id\":\"https:\\\/\\\/smakdelikatesser.se\\\/sv\\\/product\\\/nyhet-majskij-te-med-mjolke-och-timjan\\\/#primaryimage\"},\"image\":{\"@id\":\"https:\\\/\\\/smakdelikatesser.se\\\/sv\\\/product\\\/nyhet-majskij-te-med-mjolke-och-timjan\\\/#primaryimage\"},\"thumbnailUrl\":\"https:\\\/\\\/smakdelikatesser.se\\\/wp-content\\\/uploads\\\/2021\\\/05\\\/8A5804E6-6A3E-4194-860C-EB31A8E534AB.jpeg\",\"datePublished\":\"2021-05-19T14:44:04+00:00\",\"dateModified\":\"2026-05-05T20:55:41+00:00\",\"breadcrumb\":{\"@id\":\"https:\\\/\\\/smakdelikatesser.se\\\/sv\\\/product\\\/nyhet-majskij-te-med-mjolke-och-timjan\\\/#breadcrumb\"},\"inLanguage\":\"sv-SE\",\"potentialAction\":[{\"@type\":\"ReadAction\",\"target\":[\"https:\\\/\\\/smakdelikatesser.se\\\/sv\\\/product\\\/nyhet-majskij-te-med-mjolke-och-timjan\\\/\"]}]},{\"@type\":\"ImageObject\",\"inLanguage\":\"sv-SE\",\"@id\":\"https:\\\/\\\/smakdelikatesser.se\\\/sv\\\/product\\\/nyhet-majskij-te-med-mjolke-och-timjan\\\/#primaryimage\",\"url\":\"https:\\\/\\\/smakdelikatesser.se\\\/wp-content\\\/uploads\\\/2021\\\/05\\\/8A5804E6-6A3E-4194-860C-EB31A8E534AB.jpeg\",\"contentUrl\":\"https:\\\/\\\/smakdelikatesser.se\\\/wp-content\\\/uploads\\\/2021\\\/05\\\/8A5804E6-6A3E-4194-860C-EB31A8E534AB.jpeg\",\"width\":1024,\"height\":1024},{\"@type\":\"BreadcrumbList\",\"@id\":\"https:\\\/\\\/smakdelikatesser.se\\\/sv\\\/product\\\/nyhet-majskij-te-med-mjolke-och-timjan\\\/#breadcrumb\",\"itemListElement\":[{\"@type\":\"ListItem\",\"position\":1,\"name\":\"Home\",\"item\":\"https:\\\/\\\/smakdelikatesser.se\\\/sv\\\/hem\\\/\"},{\"@type\":\"ListItem\",\"position\":2,\"name\":\"Butiken\",\"item\":\"https:\\\/\\\/smakdelikatesser.se\\\/sv\\\/butiken\\\/\"},{\"@type\":\"ListItem\",\"position\":3,\"name\":\"Nyhet! Svart te Majskij med mj\u00f6lk\u00f6rt och timjan\"}]},{\"@type\":\"WebSite\",\"@id\":\"https:\\\/\\\/smakdelikatesser.se\\\/ru\\\/#website\",\"url\":\"https:\\\/\\\/smakdelikatesser.se\\\/ru\\\/\",\"name\":\"Smak Delikatesser - \u0417\u0430\u043a\u0430\u0437\u0430\u0442\u044c \u0440\u0443\u0441\u0441\u043a\u0438\u0435 \u043f\u0440\u043e\u0434\u0443\u043a\u0442\u044b \u0432 \u0421\u0442\u043e\u043a\u0433\u043e\u043b\u044c\u043c\u0435 | \u0420\u0443\u0441\u0441\u043a\u0438\u0435 \u043c\u0430\u0433\u0430\u0437\u0438\u043d\u044b\",\"description\":\"\u0420\u0443\u0441\u0441\u043a\u0430\u044f \u0435\u0434\u0430 \u0432 \u0421\u0442\u043e\u043a\u0433\u043e\u043b\u044c\u043c\u0435. \u041f\u0435\u043b\u044c\u043c\u0435\u043d\u0438, \u0434\u043e\u043a\u0442\u043e\u0440\u0441\u043a\u0430\u044f \u043a\u043e\u043b\u0431\u0430\u0441\u0430, \u0442\u0432\u043e\u0440\u043e\u0433\",\"potentialAction\":[{\"@type\":\"SearchAction\",\"target\":{\"@type\":\"EntryPoint\",\"urlTemplate\":\"https:\\\/\\\/smakdelikatesser.se\\\/ru\\\/?s={search_term_string}\"},\"query-input\":{\"@type\":\"PropertyValueSpecification\",\"valueRequired\":true,\"valueName\":\"search_term_string\"}}],\"inLanguage\":\"sv-SE\"}]}<\/script>\n<!-- \/ Yoast SEO plugin. -->","yoast_head_json":{"title":"Nyhet! Svart te Majskij med mj\u00f6lk\u00f6rt och timjan - Smak Delikatesser - \u0417\u0430\u043a\u0430\u0437\u0430\u0442\u044c \u0440\u0443\u0441\u0441\u043a\u0438\u0435 \u043f\u0440\u043e\u0434\u0443\u043a\u0442\u044b \u0432 \u0421\u0442\u043e\u043a\u0433\u043e\u043b\u044c\u043c\u0435 | \u0420\u0443\u0441\u0441\u043a\u0438\u0435 \u043c\u0430\u0433\u0430\u0437\u0438\u043d\u044b","robots":{"index":"index","follow":"follow","max-snippet":"max-snippet:-1","max-image-preview":"max-image-preview:large","max-video-preview":"max-video-preview:-1"},"canonical":"https:\/\/smakdelikatesser.se\/sv\/product\/nyhet-majskij-te-med-mjolke-och-timjan\/","og_locale":"sv_SE","og_type":"article","og_title":"Nyhet! Svart te Majskij med mj\u00f6lk\u00f6rt och timjan - Smak Delikatesser - \u0417\u0430\u043a\u0430\u0437\u0430\u0442\u044c \u0440\u0443\u0441\u0441\u043a\u0438\u0435 \u043f\u0440\u043e\u0434\u0443\u043a\u0442\u044b \u0432 \u0421\u0442\u043e\u043a\u0433\u043e\u043b\u044c\u043c\u0435 | \u0420\u0443\u0441\u0441\u043a\u0438\u0435 \u043c\u0430\u0433\u0430\u0437\u0438\u043d\u044b","og_description":"Nyhet! Svart te Majskij med mj\u00f6lk\u00f6rt och timjan, i p\u00e5sar","og_url":"https:\/\/smakdelikatesser.se\/sv\/product\/nyhet-majskij-te-med-mjolke-och-timjan\/","og_site_name":"Smak Delikatesser - \u0417\u0430\u043a\u0430\u0437\u0430\u0442\u044c \u0440\u0443\u0441\u0441\u043a\u0438\u0435 \u043f\u0440\u043e\u0434\u0443\u043a\u0442\u044b \u0432 \u0421\u0442\u043e\u043a\u0433\u043e\u043b\u044c\u043c\u0435 | \u0420\u0443\u0441\u0441\u043a\u0438\u0435 \u043c\u0430\u0433\u0430\u0437\u0438\u043d\u044b","article_modified_time":"2026-05-05T20:55:41+00:00","og_image":[{"width":1024,"height":1024,"url":"https:\/\/smakdelikatesser.se\/wp-content\/uploads\/2021\/05\/8A5804E6-6A3E-4194-860C-EB31A8E534AB.jpeg","type":"image\/jpeg"}],"twitter_card":"summary_large_image","schema":{"@context":"https:\/\/schema.org","@graph":[{"@type":"WebPage","@id":"https:\/\/smakdelikatesser.se\/sv\/product\/nyhet-majskij-te-med-mjolke-och-timjan\/","url":"https:\/\/smakdelikatesser.se\/sv\/product\/nyhet-majskij-te-med-mjolke-och-timjan\/","name":"Nyhet! Svart te Majskij med mj\u00f6lk\u00f6rt och timjan - Smak Delikatesser - \u0417\u0430\u043a\u0430\u0437\u0430\u0442\u044c \u0440\u0443\u0441\u0441\u043a\u0438\u0435 \u043f\u0440\u043e\u0434\u0443\u043a\u0442\u044b \u0432 \u0421\u0442\u043e\u043a\u0433\u043e\u043b\u044c\u043c\u0435 | \u0420\u0443\u0441\u0441\u043a\u0438\u0435 \u043c\u0430\u0433\u0430\u0437\u0438\u043d\u044b","isPartOf":{"@id":"https:\/\/smakdelikatesser.se\/ru\/#website"},"primaryImageOfPage":{"@id":"https:\/\/smakdelikatesser.se\/sv\/product\/nyhet-majskij-te-med-mjolke-och-timjan\/#primaryimage"},"image":{"@id":"https:\/\/smakdelikatesser.se\/sv\/product\/nyhet-majskij-te-med-mjolke-och-timjan\/#primaryimage"},"thumbnailUrl":"https:\/\/smakdelikatesser.se\/wp-content\/uploads\/2021\/05\/8A5804E6-6A3E-4194-860C-EB31A8E534AB.jpeg","datePublished":"2021-05-19T14:44:04+00:00","dateModified":"2026-05-05T20:55:41+00:00","breadcrumb":{"@id":"https:\/\/smakdelikatesser.se\/sv\/product\/nyhet-majskij-te-med-mjolke-och-timjan\/#breadcrumb"},"inLanguage":"sv-SE","potentialAction":[{"@type":"ReadAction","target":["https:\/\/smakdelikatesser.se\/sv\/product\/nyhet-majskij-te-med-mjolke-och-timjan\/"]}]},{"@type":"ImageObject","inLanguage":"sv-SE","@id":"https:\/\/smakdelikatesser.se\/sv\/product\/nyhet-majskij-te-med-mjolke-och-timjan\/#primaryimage","url":"https:\/\/smakdelikatesser.se\/wp-content\/uploads\/2021\/05\/8A5804E6-6A3E-4194-860C-EB31A8E534AB.jpeg","contentUrl":"https:\/\/smakdelikatesser.se\/wp-content\/uploads\/2021\/05\/8A5804E6-6A3E-4194-860C-EB31A8E534AB.jpeg","width":1024,"height":1024},{"@type":"BreadcrumbList","@id":"https:\/\/smakdelikatesser.se\/sv\/product\/nyhet-majskij-te-med-mjolke-och-timjan\/#breadcrumb","itemListElement":[{"@type":"ListItem","position":1,"name":"Home","item":"https:\/\/smakdelikatesser.se\/sv\/hem\/"},{"@type":"ListItem","position":2,"name":"Butiken","item":"https:\/\/smakdelikatesser.se\/sv\/butiken\/"},{"@type":"ListItem","position":3,"name":"Nyhet! Svart te Majskij med mj\u00f6lk\u00f6rt och timjan"}]},{"@type":"WebSite","@id":"https:\/\/smakdelikatesser.se\/ru\/#website","url":"https:\/\/smakdelikatesser.se\/ru\/","name":"Smak Delikatesser - \u0417\u0430\u043a\u0430\u0437\u0430\u0442\u044c \u0440\u0443\u0441\u0441\u043a\u0438\u0435 \u043f\u0440\u043e\u0434\u0443\u043a\u0442\u044b \u0432 \u0421\u0442\u043e\u043a\u0433\u043e\u043b\u044c\u043c\u0435 | \u0420\u0443\u0441\u0441\u043a\u0438\u0435 \u043c\u0430\u0433\u0430\u0437\u0438\u043d\u044b","description":"\u0420\u0443\u0441\u0441\u043a\u0430\u044f \u0435\u0434\u0430 \u0432 \u0421\u0442\u043e\u043a\u0433\u043e\u043b\u044c\u043c\u0435. \u041f\u0435\u043b\u044c\u043c\u0435\u043d\u0438, \u0434\u043e\u043a\u0442\u043e\u0440\u0441\u043a\u0430\u044f \u043a\u043e\u043b\u0431\u0430\u0441\u0430, \u0442\u0432\u043e\u0440\u043e\u0433","potentialAction":[{"@type":"SearchAction","target":{"@type":"EntryPoint","urlTemplate":"https:\/\/smakdelikatesser.se\/ru\/?s={search_term_string}"},"query-input":{"@type":"PropertyValueSpecification","valueRequired":true,"valueName":"search_term_string"}}],"inLanguage":"sv-SE"}]}},"_links":{"self":[{"href":"https:\/\/smakdelikatesser.se\/sv\/wp-json\/wp\/v2\/product\/22030","targetHints":{"allow":["GET"]}}],"collection":[{"href":"https:\/\/smakdelikatesser.se\/sv\/wp-json\/wp\/v2\/product"}],"about":[{"href":"https:\/\/smakdelikatesser.se\/sv\/wp-json\/wp\/v2\/types\/product"}],"replies":[{"embeddable":true,"href":"https:\/\/smakdelikatesser.se\/sv\/wp-json\/wp\/v2\/comments?post=22030"}],"wp:featuredmedia":[{"embeddable":true,"href":"https:\/\/smakdelikatesser.se\/sv\/wp-json\/wp\/v2\/media\/19151"}],"wp:attachment":[{"href":"https:\/\/smakdelikatesser.se\/sv\/wp-json\/wp\/v2\/media?parent=22030"}],"wp:term":[{"taxonomy":"product_brand","embeddable":true,"href":"https:\/\/smakdelikatesser.se\/sv\/wp-json\/wp\/v2\/product_brand?post=22030"},{"taxonomy":"product_cat","embeddable":true,"href":"https:\/\/smakdelikatesser.se\/sv\/wp-json\/wp\/v2\/product_cat?post=22030"},{"taxonomy":"product_tag","embeddable":true,"href":"https:\/\/smakdelikatesser.se\/sv\/wp-json\/wp\/v2\/product_tag?post=22030"}],"curies":[{"name":"wp","href":"https:\/\/api.w.org\/{rel}","templated":true}]}}